{"id":207,"date":"2025-05-28T22:40:03","date_gmt":"2025-05-28T22:40:03","guid":{"rendered":"https:\/\/aess.ma\/?page_id=207"},"modified":"2025-06-05T15:59:44","modified_gmt":"2025-06-05T15:59:44","slug":"media","status":"publish","type":"page","link":"https:\/\/aess.ma\/en\/media\/","title":{"rendered":"Press"},"content":{"rendered":"<div data-elementor-type=\"wp-page\" data-elementor-id=\"207\" class=\"elementor elementor-207\" data-elementor-post-type=\"page\">\n\t\t\t\t<div class=\"elementor-element elementor-element-0c1c6bd e-flex e-con-boxed e-con e-parent\" data-id=\"0c1c6bd\" data-element_type=\"container\" data-settings=\"{&quot;background_background&quot;:&quot;classic&quot;}\">\n\t\t\t\t\t<div class=\"e-con-inner\">\n\t\t<div class=\"elementor-element elementor-element-c0c7d27 e-con-full e-flex e-con e-child\" data-id=\"c0c7d27\" data-element_type=\"container\" data-settings=\"{&quot;background_background&quot;:&quot;classic&quot;}\">\n\t\t\t\t<\/div>\n\t\t\t\t\t<\/div>\n\t\t\t\t<\/div>\n\t\t<div class=\"elementor-element elementor-element-624c78c e-flex e-con-boxed e-con e-parent\" data-id=\"624c78c\" data-element_type=\"container\" data-settings=\"{&quot;background_background&quot;:&quot;classic&quot;}\">\n\t\t\t\t\t<div class=\"e-con-inner\">\n\t\t<div class=\"elementor-element elementor-element-ee4faf7 e-con-full e-flex e-con e-child\" data-id=\"ee4faf7\" data-element_type=\"container\" data-settings=\"{&quot;background_background&quot;:&quot;classic&quot;}\">\n\t\t\t\t<div class=\"elementor-element elementor-element-0cd4059 jltma-glass-effect-no elementor-invisible elementor-widget elementor-widget-heading\" data-id=\"0cd4059\" data-element_type=\"widget\" data-settings=\"{&quot;_animation&quot;:&quot;fadeInUp&quot;}\" data-widget_type=\"heading.default\">\n\t\t\t\t<div class=\"elementor-widget-container\">\n\t\t\t\t\t<h2 class=\"elementor-heading-title elementor-size-default\">Press<\/h2>\t\t\t\t<\/div>\n\t\t\t\t<\/div>\n\t\t<div class=\"elementor-element elementor-element-60dddb1 e-con-full e-flex e-con e-child\" data-id=\"60dddb1\" data-element_type=\"container\">\n\t\t\t\t<div class=\"elementor-element elementor-element-20e83e1 jltma-glass-effect-no elementor-invisible elementor-widget elementor-widget-text-editor\" data-id=\"20e83e1\" data-element_type=\"widget\" data-settings=\"{&quot;_animation&quot;:&quot;fadeInUp&quot;}\" data-widget_type=\"text-editor.default\">\n\t\t\t\t<div class=\"elementor-widget-container\">\n\t\t\t\t\t\t\t\t\t<p>Organized under the High Patronage of His Majesty King Mohammed VI, may God assist Him, the 5th National Conference on the Social and Solidarity Economy (SSE) represents a strategic occasion to discuss, structure, and highlight the role of SSE in the Kingdom\u2019s economic and social development.<\/p>\t\t\t\t\t\t\t\t<\/div>\n\t\t\t\t<\/div>\n\t\t\t\t<div class=\"elementor-element elementor-element-c5b77be jltma-glass-effect-no elementor-invisible elementor-widget elementor-widget-text-editor\" data-id=\"c5b77be\" data-element_type=\"widget\" data-settings=\"{&quot;_animation&quot;:&quot;fadeInUp&quot;}\" data-widget_type=\"text-editor.default\">\n\t\t\t\t<div class=\"elementor-widget-container\">\n\t\t\t\t\t\t\t\t\t<p>This event brings together all stakeholders in the sector within a dynamic framework of co-constructing an ambitious framework law aligned with the orientations of the New Development Model.<\/p>\t\t\t\t\t\t\t\t<\/div>\n\t\t\t\t<\/div>\n\t\t\t\t<div class=\"elementor-element elementor-element-f34ec00 jltma-glass-effect-no elementor-invisible elementor-widget elementor-widget-text-editor\" data-id=\"f34ec00\" data-element_type=\"widget\" data-settings=\"{&quot;_animation&quot;:&quot;fadeInUp&quot;}\" data-widget_type=\"text-editor.default\">\n\t\t\t\t<div class=\"elementor-widget-container\">\n\t\t\t\t\t\t\t\t\t<p>To support journalists and media professionals in covering the event, the Secretariat of State in charge of Handicrafts and the Social and Solidarity Economy provides a comprehensive press kit containing essential communication materials: context, challenges, program, key figures, speakers, and all useful information.<\/p>\t\t\t\t\t\t\t\t<\/div>\n\t\t\t\t<\/div>\n\t\t\t\t<\/div>\n\t\t<div class=\"elementor-element elementor-element-5e85ee4 e-con-full e-flex e-con e-child\" data-id=\"5e85ee4\" data-element_type=\"container\">\n\t\t\t\t<div class=\"elementor-element elementor-element-99ae2b4 elementor-mobile-align-center elementor-widget__width-initial jltma-glass-effect-no elementor-widget elementor-widget-button\" data-id=\"99ae2b4\" data-element_type=\"widget\" data-widget_type=\"button.default\">\n\t\t\t\t<div class=\"elementor-widget-container\">\n\t\t\t\t\t\t\t\t\t<div class=\"elementor-button-wrapper\">\n\t\t\t\t\t<a class=\"elementor-button elementor-button-link elementor-size-sm\" href=\"https:\/\/aess.ma\/wp-content\/uploads\/2025\/06\/Dossier-Press-Assies-2025-ESS-FR.pdf\" target=\"_blank\" download=\"\">\n\t\t\t\t\t\t<span class=\"elementor-button-content-wrapper\">\n\t\t\t\t\t\t<span class=\"elementor-button-icon\">\n\t\t\t\t<i aria-hidden=\"true\" class=\"im im-download\"><\/i>\t\t\t<\/span>\n\t\t\t\t\t\t\t\t\t<span class=\"elementor-button-text\">Download the press kit<\/span>\n\t\t\t\t\t<\/span>\n\t\t\t\t\t<\/a>\n\t\t\t\t<\/div>\n\t\t\t\t\t\t\t\t<\/div>\n\t\t\t\t<\/div>\n\t\t\t\t<div class=\"elementor-element elementor-element-0671702 elementor-mobile-align-center elementor-widget__width-initial jltma-glass-effect-no elementor-widget elementor-widget-button\" data-id=\"0671702\" data-element_type=\"widget\" data-widget_type=\"button.default\">\n\t\t\t\t<div class=\"elementor-widget-container\">\n\t\t\t\t\t\t\t\t\t<div class=\"elementor-button-wrapper\">\n\t\t\t\t\t<a class=\"elementor-button elementor-button-link elementor-size-sm\" href=\"mailto:zeroual.s@gmail.com,Abdali.maria@gmail.com\">\n\t\t\t\t\t\t<span class=\"elementor-button-content-wrapper\">\n\t\t\t\t\t\t\t\t\t<span class=\"elementor-button-text\">Contact our communication team<\/span>\n\t\t\t\t\t<\/span>\n\t\t\t\t\t<\/a>\n\t\t\t\t<\/div>\n\t\t\t\t\t\t\t\t<\/div>\n\t\t\t\t<\/div>\n\t\t\t\t<\/div>\n\t\t\t\t<\/div>\n\t\t\t\t\t<\/div>\n\t\t\t\t<\/div>\n\t\t\t\t<\/div>","protected":false},"excerpt":{"rendered":"<p>Media Organis\u00e9es sous le Haut Patronage de Sa Majest\u00e9 le Roi Mohammed VI, que Dieu L\u2019assiste, les 5\u1d49 Assises Nationales de l\u2019\u00c9conomie Sociale et Solidaire constituent un rendez-vous strat\u00e9gique pour d\u00e9battre, structurer et valoriser le r\u00f4le de l\u2019ESS dans le d\u00e9veloppement \u00e9conomique et social du Royaume. Cet \u00e9v\u00e9nement mobilise l\u2019ensemble des parties prenantes du secteur, [&hellip;]<\/p>","protected":false},"author":1,"featured_media":0,"parent":0,"menu_order":0,"comment_status":"closed","ping_status":"closed","template":"elementor_header_footer","meta":{"iawp_total_views":308,"footnotes":""},"class_list":["post-207","page","type-page","status-publish","hentry"],"_links":{"self":[{"href":"https:\/\/aess.ma\/en\/wp-json\/wp\/v2\/pages\/207","targetHints":{"allow":["GET"]}}],"collection":[{"href":"https:\/\/aess.ma\/en\/wp-json\/wp\/v2\/pages"}],"about":[{"href":"https:\/\/aess.ma\/en\/wp-json\/wp\/v2\/types\/page"}],"author":[{"embeddable":true,"href":"https:\/\/aess.ma\/en\/wp-json\/wp\/v2\/users\/1"}],"replies":[{"embeddable":true,"href":"https:\/\/aess.ma\/en\/wp-json\/wp\/v2\/comments?post=207"}],"version-history":[{"count":37,"href":"https:\/\/aess.ma\/en\/wp-json\/wp\/v2\/pages\/207\/revisions"}],"predecessor-version":[{"id":1615,"href":"https:\/\/aess.ma\/en\/wp-json\/wp\/v2\/pages\/207\/revisions\/1615"}],"wp:attachment":[{"href":"https:\/\/aess.ma\/en\/wp-json\/wp\/v2\/media?parent=207"}],"curies":[{"name":"wp","href":"https:\/\/api.w.org\/{rel}","templated":true}]}}