{"id":1470,"date":"2025-06-05T02:22:16","date_gmt":"2025-06-05T02:22:16","guid":{"rendered":"https:\/\/aess.ma\/?page_id=1470"},"modified":"2025-06-10T15:17:33","modified_gmt":"2025-06-10T15:17:33","slug":"mot-de-m-le-secretaire-detat","status":"publish","type":"page","link":"https:\/\/aess.ma\/en\/mot-de-m-le-secretaire-detat\/","title":{"rendered":"Message from the Secretary of State"},"content":{"rendered":"<div data-elementor-type=\"wp-page\" data-elementor-id=\"1470\" class=\"elementor elementor-1470\" data-elementor-post-type=\"page\">\n\t\t\t\t<div class=\"elementor-element elementor-element-0c1c6bd e-flex e-con-boxed e-con e-parent\" data-id=\"0c1c6bd\" data-element_type=\"container\" data-settings=\"{&quot;background_background&quot;:&quot;classic&quot;}\">\n\t\t\t\t\t<div class=\"e-con-inner\">\n\t\t<div class=\"elementor-element elementor-element-12e67a5 e-con-full e-flex e-con e-child\" data-id=\"12e67a5\" data-element_type=\"container\" data-settings=\"{&quot;background_background&quot;:&quot;classic&quot;}\">\n\t\t<div class=\"elementor-element elementor-element-57868b8 e-con-full e-flex e-con e-child\" data-id=\"57868b8\" data-element_type=\"container\">\n\t\t\t\t<div class=\"elementor-element elementor-element-12fa94a jltma-glass-effect-no elementor-invisible elementor-widget elementor-widget-image\" data-id=\"12fa94a\" data-element_type=\"widget\" data-settings=\"{&quot;_animation&quot;:&quot;fadeInUp&quot;}\" data-widget_type=\"image.default\">\n\t\t\t\t<div class=\"elementor-widget-container\">\n\t\t\t\t\t\t\t\t\t\t\t\t\t\t\t<img fetchpriority=\"high\" decoding=\"async\" width=\"2560\" height=\"1920\" src=\"https:\/\/aess.ma\/wp-content\/uploads\/2025\/06\/saadi-photo-scaled.jpg\" class=\"attachment-full size-full wp-image-1776\" alt=\"\" srcset=\"https:\/\/aess.ma\/wp-content\/uploads\/2025\/06\/saadi-photo-scaled.jpg 2560w, https:\/\/aess.ma\/wp-content\/uploads\/2025\/06\/saadi-photo-300x225.jpg 300w, https:\/\/aess.ma\/wp-content\/uploads\/2025\/06\/saadi-photo-1024x768.jpg 1024w, https:\/\/aess.ma\/wp-content\/uploads\/2025\/06\/saadi-photo-768x576.jpg 768w, https:\/\/aess.ma\/wp-content\/uploads\/2025\/06\/saadi-photo-1536x1152.jpg 1536w, https:\/\/aess.ma\/wp-content\/uploads\/2025\/06\/saadi-photo-2048x1536.jpg 2048w, https:\/\/aess.ma\/wp-content\/uploads\/2025\/06\/saadi-photo-16x12.jpg 16w\" sizes=\"(max-width: 2560px) 100vw, 2560px\" \/>\t\t\t\t\t\t\t\t\t\t\t\t\t\t\t<\/div>\n\t\t\t\t<\/div>\n\t\t\t\t<\/div>\n\t\t<div class=\"elementor-element elementor-element-71a0a26 e-con-full e-flex e-con e-child\" data-id=\"71a0a26\" data-element_type=\"container\">\n\t\t\t\t<div class=\"elementor-element elementor-element-1642d6e jltma-glass-effect-no elementor-invisible elementor-widget elementor-widget-heading\" data-id=\"1642d6e\" data-element_type=\"widget\" data-settings=\"{&quot;_animation&quot;:&quot;fadeInUp&quot;}\" data-widget_type=\"heading.default\">\n\t\t\t\t<div class=\"elementor-widget-container\">\n\t\t\t\t\t<h2 class=\"elementor-heading-title elementor-size-default\">Message from the Secretary of State in charge of Handicrafts and the Social and Solidarity Economy<\/h2>\t\t\t\t<\/div>\n\t\t\t\t<\/div>\n\t\t\t\t<div class=\"elementor-element elementor-element-66b48e0 animated-slow jltma-glass-effect-no elementor-invisible elementor-widget elementor-widget-text-editor\" data-id=\"66b48e0\" data-element_type=\"widget\" data-settings=\"{&quot;_animation&quot;:&quot;fadeInUp&quot;}\" data-widget_type=\"text-editor.default\">\n\t\t\t\t<div class=\"elementor-widget-container\">\n\t\t\t\t\t\t\t\t\t<p>The Social and Solidarity Economy (SSE) represents today a strategic pillar of the social state as envisioned by His Majesty King Mohammed VI, may God assist Him. It is embedded within a comprehensive development vision that places solidarity, civic responsibility, and social justice at the heart of a new, more inclusive, resilient, and innovative development model.<\/p><p><br \/>This sector has emerged as a powerful catalyst for reinforcing social and territorial equity by supporting community-focused economic initiatives, empowering local actors, and enabling the inclusion of women and youth in sustainable income-generating activities that effectively contribute to economic and social development.<\/p><p><br \/>It is in this context that the 5th edition of the National Conference on the Social and Solidarity Economy takes place\u2014an essential milestone in the consolidation of this promising sector. It accompanies the ongoing process of drafting a foundational law aimed at establishing solid institutional and legislative foundations, clearly defining the sector\u2019s scope, recognizing the diversity of its actors, regulating governance principles, and strengthening mechanisms for support, certification, and access to public procurement.<\/p><p><br \/>Firmly believing in the necessity of involving all stakeholders, we are committed to placing institutional and societal dialogue and consultation at the core of our action, with the goal of shaping a shared vision that affirms the SSE\u2019s role as a fully-fledged sector dedicated to community resilience and territorial justice.<\/p><p><br \/>Through the launch of structural projects, support programs, and legal and organizational reforms, we aim to institutionalize this development model within the national economic landscape. With collective intelligence and the full mobilization of all stakeholders, we aspire to make of this moment a turning point in national convergence\u2014firmly anchoring the SSE in Morocco\u2019s economic, social, and territorial transformations.<\/p>\t\t\t\t\t\t\t\t<\/div>\n\t\t\t\t<\/div>\n\t\t\t\t<\/div>\n\t\t\t\t<\/div>\n\t\t\t\t\t<\/div>\n\t\t\t\t<\/div>\n\t\t\t\t<\/div>","protected":false},"excerpt":{"rendered":"<p>Mot de M. le Secr\u00e9taire d\u2019\u00c9tat Charg\u00e9 de l\u2019Artisanat et de l\u2019\u00c9conomie Sociale et Solidaire L\u2019\u00e9conomie sociale et solidaire constitue aujourd\u2019hui un pilier strat\u00e9gique de l\u2019\u00c9tat social, dont Sa Majest\u00e9 le Roi Mohammed VI, que Dieu Le glorifie, a jet\u00e9 les bases dans le cadre d\u2019une vision de d\u00e9veloppement globale, faisant de la solidarit\u00e9, de [&hellip;]<\/p>","protected":false},"author":1,"featured_media":0,"parent":0,"menu_order":0,"comment_status":"closed","ping_status":"closed","template":"elementor_header_footer","meta":{"iawp_total_views":189,"footnotes":""},"class_list":["post-1470","page","type-page","status-publish","hentry"],"_links":{"self":[{"href":"https:\/\/aess.ma\/en\/wp-json\/wp\/v2\/pages\/1470","targetHints":{"allow":["GET"]}}],"collection":[{"href":"https:\/\/aess.ma\/en\/wp-json\/wp\/v2\/pages"}],"about":[{"href":"https:\/\/aess.ma\/en\/wp-json\/wp\/v2\/types\/page"}],"author":[{"embeddable":true,"href":"https:\/\/aess.ma\/en\/wp-json\/wp\/v2\/users\/1"}],"replies":[{"embeddable":true,"href":"https:\/\/aess.ma\/en\/wp-json\/wp\/v2\/comments?post=1470"}],"version-history":[{"count":13,"href":"https:\/\/aess.ma\/en\/wp-json\/wp\/v2\/pages\/1470\/revisions"}],"predecessor-version":[{"id":1934,"href":"https:\/\/aess.ma\/en\/wp-json\/wp\/v2\/pages\/1470\/revisions\/1934"}],"wp:attachment":[{"href":"https:\/\/aess.ma\/en\/wp-json\/wp\/v2\/media?parent=1470"}],"curies":[{"name":"wp","href":"https:\/\/api.w.org\/{rel}","templated":true}]}}