{"id":1452,"date":"2025-06-05T01:59:58","date_gmt":"2025-06-05T01:59:58","guid":{"rendered":"https:\/\/aess.ma\/?page_id=1452"},"modified":"2025-06-05T02:16:15","modified_gmt":"2025-06-05T02:16:15","slug":"leconomie-sociale-et-solidaire","status":"publish","type":"page","link":"https:\/\/aess.ma\/en\/leconomie-sociale-et-solidaire\/","title":{"rendered":"Social and Solidarity Economy"},"content":{"rendered":"<div data-elementor-type=\"wp-page\" data-elementor-id=\"1452\" class=\"elementor elementor-1452\" data-elementor-post-type=\"page\">\n\t\t\t\t<div class=\"elementor-element elementor-element-0c1c6bd e-flex e-con-boxed e-con e-parent\" data-id=\"0c1c6bd\" data-element_type=\"container\" data-settings=\"{&quot;background_background&quot;:&quot;classic&quot;}\">\n\t\t\t\t\t<div class=\"e-con-inner\">\n\t\t<div class=\"elementor-element elementor-element-c0c7d27 e-con-full e-flex e-con e-child\" data-id=\"c0c7d27\" data-element_type=\"container\" data-settings=\"{&quot;background_background&quot;:&quot;classic&quot;}\">\n\t\t<div class=\"elementor-element elementor-element-fa6bf1c e-con-full e-flex e-con e-child\" data-id=\"fa6bf1c\" data-element_type=\"container\">\n\t\t\t\t<div class=\"elementor-element elementor-element-73c7da8 jltma-glass-effect-no elementor-invisible elementor-widget elementor-widget-heading\" data-id=\"73c7da8\" data-element_type=\"widget\" data-settings=\"{&quot;_animation&quot;:&quot;fadeInUp&quot;}\" data-widget_type=\"heading.default\">\n\t\t\t\t<div class=\"elementor-widget-container\">\n\t\t\t\t\t<h2 class=\"elementor-heading-title elementor-size-default translation-block\"><b>Social and Solidarity<\/b> Economy<\/h2>\t\t\t\t<\/div>\n\t\t\t\t<\/div>\n\t\t\t\t<div class=\"elementor-element elementor-element-893804a animated-slow jltma-glass-effect-no elementor-invisible elementor-widget elementor-widget-image\" data-id=\"893804a\" data-element_type=\"widget\" data-settings=\"{&quot;_animation&quot;:&quot;fadeIn&quot;}\" data-widget_type=\"image.default\">\n\t\t\t\t<div class=\"elementor-widget-container\">\n\t\t\t\t\t\t\t\t\t\t\t\t\t\t\t<img fetchpriority=\"high\" decoding=\"async\" width=\"800\" height=\"800\" src=\"https:\/\/aess.ma\/wp-content\/uploads\/2025\/06\/5eme_edition-1024x1024.webp\" class=\"attachment-large size-large wp-image-1394\" alt=\"\" srcset=\"https:\/\/aess.ma\/wp-content\/uploads\/2025\/06\/5eme_edition-1024x1024.webp 1024w, https:\/\/aess.ma\/wp-content\/uploads\/2025\/06\/5eme_edition-300x300.webp 300w, https:\/\/aess.ma\/wp-content\/uploads\/2025\/06\/5eme_edition-150x150.webp 150w, https:\/\/aess.ma\/wp-content\/uploads\/2025\/06\/5eme_edition-768x769.webp 768w, https:\/\/aess.ma\/wp-content\/uploads\/2025\/06\/5eme_edition-1536x1536.webp 1536w, https:\/\/aess.ma\/wp-content\/uploads\/2025\/06\/5eme_edition-2048x2048.webp 2048w, https:\/\/aess.ma\/wp-content\/uploads\/2025\/06\/5eme_edition-12x12.webp 12w\" sizes=\"(max-width: 800px) 100vw, 800px\" \/>\t\t\t\t\t\t\t\t\t\t\t\t\t\t\t<\/div>\n\t\t\t\t<\/div>\n\t\t<!-- dce invisible element f81928f -->\t\t<\/div>\n\t\t\t\t<\/div>\n\t\t\t\t\t<\/div>\n\t\t\t\t<\/div>\n\t\t<div class=\"elementor-element elementor-element-624c78c e-flex e-con-boxed e-con e-parent\" data-id=\"624c78c\" data-element_type=\"container\" data-settings=\"{&quot;background_background&quot;:&quot;classic&quot;}\">\n\t\t\t\t\t<div class=\"e-con-inner\">\n\t\t<div class=\"elementor-element elementor-element-ee4faf7 e-con-full e-flex e-con e-child\" data-id=\"ee4faf7\" data-element_type=\"container\" data-settings=\"{&quot;background_background&quot;:&quot;classic&quot;}\">\n\t\t\t\t<div class=\"elementor-element elementor-element-070bf51 jltma-glass-effect-no elementor-widget elementor-widget-image\" data-id=\"070bf51\" data-element_type=\"widget\" data-widget_type=\"image.default\">\n\t\t\t\t<div class=\"elementor-widget-container\">\n\t\t\t\t\t\t\t\t\t\t\t\t\t\t\t<img decoding=\"async\" width=\"550\" height=\"715\" src=\"https:\/\/aess.ma\/wp-content\/uploads\/2025\/05\/bg-hand.png\" class=\"attachment-full size-full wp-image-123\" alt=\"\" srcset=\"https:\/\/aess.ma\/wp-content\/uploads\/2025\/05\/bg-hand.png 550w, https:\/\/aess.ma\/wp-content\/uploads\/2025\/05\/bg-hand-231x300.png 231w\" sizes=\"(max-width: 550px) 100vw, 550px\" \/>\t\t\t\t\t\t\t\t\t\t\t\t\t\t\t<\/div>\n\t\t\t\t<\/div>\n\t\t<div class=\"elementor-element elementor-element-60dddb1 e-con-full e-flex e-con e-child\" data-id=\"60dddb1\" data-element_type=\"container\">\n\t\t\t\t<div class=\"elementor-element elementor-element-20e83e1 jltma-glass-effect-no elementor-invisible elementor-widget elementor-widget-text-editor\" data-id=\"20e83e1\" data-element_type=\"widget\" data-settings=\"{&quot;_animation&quot;:&quot;fadeInUp&quot;}\" data-widget_type=\"text-editor.default\">\n\t\t\t\t<div class=\"elementor-widget-container\">\n\t\t\t\t\t\t\t\t\t<p>Today, the Social Solidarity Economy (SSE) is a fundamental pillar of the social state, as envisioned by His Majesty King Mohammed VI, may God assist Him, a model that places people at the heart of development, and aims to reduce inequalities, promote inclusion and guarantee dignity for all.<\/p><p>Morocco, fully committed to the implementation of the Sustainable Development Goals (SDGs), recognizes SSE as a strategic partner in this endeavor.\nThe State Secretariat in charge of Handicrafts and the Social and Solidarity Economy, through its initiatives, programs, and reforms, actively promotes a structured and lasting contribution of the SSE sector to the SDGs by encouraging alternative economic models with strong impact.<\/p><p>By supporting social entrepreneurship, backing high-impact local initiatives, and assisting grassroots actors, SSE contributes to the localization of the SDGs and to the strengthening of community resilience.\nThrough the National Conference on Social and Solidarity Economy, this convergence of public policies, international commitments, and local dynamics becomes tangible. It reflects the Kingdom\u2019s will to root its development model in a logic of equity, sustainability, and citizen participation, in line with the principles of the 2030 Agenda.<\/p>\t\t\t\t\t\t\t\t<\/div>\n\t\t\t\t<\/div>\n\t\t\t\t<\/div>\n\t\t\t\t<\/div>\n\t\t\t\t\t<\/div>\n\t\t\t\t<\/div>\n\t\t\t\t<\/div>","protected":false},"excerpt":{"rendered":"<p>L\u2019\u00c9conomie Sociale et solidaire T\u00e9l\u00e9charger le programme L\u2019\u00c9conomie Sociale et Solidaire (ESS) constitue aujourd\u2019hui un pilier fondamental de l\u2019Etat social voulu par Sa Majest\u00e9 le Roi Mohammed VI, que Dieu L\u2019assiste, un mod\u00e8le qui place l\u2019humain au c\u0153ur du d\u00e9veloppement, et qui vise \u00e0 r\u00e9duire les in\u00e9galit\u00e9s, favoriser l\u2019inclusion, et garantir la dignit\u00e9 pour tous. [&hellip;]<\/p>","protected":false},"author":1,"featured_media":0,"parent":0,"menu_order":0,"comment_status":"closed","ping_status":"closed","template":"elementor_header_footer","meta":{"iawp_total_views":384,"footnotes":""},"class_list":["post-1452","page","type-page","status-publish","hentry"],"_links":{"self":[{"href":"https:\/\/aess.ma\/en\/wp-json\/wp\/v2\/pages\/1452","targetHints":{"allow":["GET"]}}],"collection":[{"href":"https:\/\/aess.ma\/en\/wp-json\/wp\/v2\/pages"}],"about":[{"href":"https:\/\/aess.ma\/en\/wp-json\/wp\/v2\/types\/page"}],"author":[{"embeddable":true,"href":"https:\/\/aess.ma\/en\/wp-json\/wp\/v2\/users\/1"}],"replies":[{"embeddable":true,"href":"https:\/\/aess.ma\/en\/wp-json\/wp\/v2\/comments?post=1452"}],"version-history":[{"count":13,"href":"https:\/\/aess.ma\/en\/wp-json\/wp\/v2\/pages\/1452\/revisions"}],"predecessor-version":[{"id":1469,"href":"https:\/\/aess.ma\/en\/wp-json\/wp\/v2\/pages\/1452\/revisions\/1469"}],"wp:attachment":[{"href":"https:\/\/aess.ma\/en\/wp-json\/wp\/v2\/media?parent=1452"}],"curies":[{"name":"wp","href":"https:\/\/api.w.org\/{rel}","templated":true}]}}