{"id":1403,"date":"2025-06-05T00:04:49","date_gmt":"2025-06-05T00:04:49","guid":{"rendered":"https:\/\/aess.ma\/?page_id=1403"},"modified":"2025-06-06T15:51:34","modified_gmt":"2025-06-06T15:51:34","slug":"discours-royaux","status":"publish","type":"page","link":"https:\/\/aess.ma\/en\/discours-royaux\/","title":{"rendered":"Discours Royaux"},"content":{"rendered":"<div data-elementor-type=\"wp-page\" data-elementor-id=\"1403\" class=\"elementor elementor-1403\" data-elementor-post-type=\"page\">\n\t\t\t\t<div class=\"elementor-element elementor-element-0c1c6bd e-flex e-con-boxed e-con e-parent\" data-id=\"0c1c6bd\" data-element_type=\"container\" data-settings=\"{&quot;background_background&quot;:&quot;classic&quot;}\">\n\t\t\t\t\t<div class=\"e-con-inner\">\n\t\t<div class=\"elementor-element elementor-element-c0c7d27 e-con-full e-flex e-con e-child\" data-id=\"c0c7d27\" data-element_type=\"container\" data-settings=\"{&quot;background_background&quot;:&quot;classic&quot;}\">\n\t\t<div class=\"elementor-element elementor-element-75c2efd e-con-full e-flex e-con e-child\" data-id=\"75c2efd\" data-element_type=\"container\">\n\t\t\t\t<div class=\"elementor-element elementor-element-73c7da8 jltma-glass-effect-no elementor-invisible elementor-widget elementor-widget-heading\" data-id=\"73c7da8\" data-element_type=\"widget\" data-settings=\"{&quot;_animation&quot;:&quot;fadeInUp&quot;}\" data-widget_type=\"heading.default\">\n\t\t\t\t<div class=\"elementor-widget-container\">\n\t\t\t\t\t<h2 class=\"elementor-heading-title elementor-size-default\">Excerpts from speeches by His Majesty King Mohammed VI on the solidarity and social economy<\/h2>\t\t\t\t<\/div>\n\t\t\t\t<\/div>\n\t\t\t\t<div class=\"elementor-element elementor-element-fca310e jltma-glass-effect-no elementor-invisible elementor-widget elementor-widget-heading\" data-id=\"fca310e\" data-element_type=\"widget\" data-settings=\"{&quot;_animation&quot;:&quot;fadeInUp&quot;}\" data-widget_type=\"heading.default\">\n\t\t\t\t<div class=\"elementor-widget-container\">\n\t\t\t\t\t<h2 class=\"elementor-heading-title elementor-size-default\">An enlightened Royal vision and strategic orientations<\/h2>\t\t\t\t<\/div>\n\t\t\t\t<\/div>\n\t\t\t\t<\/div>\n\t\t\t\t<div class=\"elementor-element elementor-element-61b3045 jltma-glass-effect-no elementor-invisible elementor-widget elementor-widget-image\" data-id=\"61b3045\" data-element_type=\"widget\" data-settings=\"{&quot;_animation&quot;:&quot;fadeInUp&quot;}\" data-widget_type=\"image.default\">\n\t\t\t\t<div class=\"elementor-widget-container\">\n\t\t\t\t\t\t\t\t\t\t\t\t\t\t\t<img fetchpriority=\"high\" decoding=\"async\" width=\"512\" height=\"769\" src=\"https:\/\/aess.ma\/wp-content\/uploads\/2025\/05\/kingm6.png\" class=\"attachment-large size-large wp-image-87\" alt=\"\" srcset=\"https:\/\/aess.ma\/wp-content\/uploads\/2025\/05\/kingm6.png 512w, https:\/\/aess.ma\/wp-content\/uploads\/2025\/05\/kingm6-200x300.png 200w\" sizes=\"(max-width: 512px) 100vw, 512px\" \/>\t\t\t\t\t\t\t\t\t\t\t\t\t\t\t<\/div>\n\t\t\t\t<\/div>\n\t\t\t\t<\/div>\n\t\t<!-- dce invisible element fa6bf1c -->\t\t\t<\/div>\n\t\t\t\t<\/div>\n\t\t<div class=\"elementor-element elementor-element-5013ad4 e-flex e-con-boxed e-con e-parent\" data-id=\"5013ad4\" data-element_type=\"container\">\n\t\t\t\t\t<div class=\"e-con-inner\">\n\t\t\t\t<div class=\"elementor-element elementor-element-e2d2ee9 jltma-timeline-align-tablet--center jltma-timeline-align--center jltma-timeline-align-mobile--left jltma-timeline-animate jltma-glass-effect-no elementor-widget elementor-widget-ma-timeline\" data-id=\"e2d2ee9\" data-element_type=\"widget\" data-settings=\"{&quot;line_location&quot;:{&quot;unit&quot;:&quot;px&quot;,&quot;size&quot;:&quot;&quot;,&quot;sizes&quot;:[]},&quot;ma_el_timeline_design_type&quot;:&quot;vertical&quot;,&quot;item_gap&quot;:{&quot;unit&quot;:&quot;px&quot;,&quot;size&quot;:35,&quot;sizes&quot;:[]}}\" data-widget_type=\"ma-timeline.default\">\n\t\t\t\t<div class=\"elementor-widget-container\">\n\t\t\t\t\t\t\t<div class=\"jltma-timeline jltma-timeline--vertical jltma-timeline-custom elementor-jltma-elmaement-e2d2ee9-1403\">\n\n\t\t\t\t\t<div class=\"jltma-timeline__line\">\n\t\t\t<div class=\"jltma-timeline__line__inner\"><\/div>\n\t\t<\/div>\n\t\t\t<div class=\"elementor-repeater-item-54d72dc jltma-blog-timeline-post jltma-timeline__item timeline-item active\">\n\t\t\t<div class=\"timeline-item__point\">\n\t\t\t\t<div class=\"jltma-icon jltma-timeline-post-type-icon jltma-icon-support--svg jltma-timeline__item__icon\"><svg class=\"e-font-icon-svg e-fas-circle\" viewbox=\"0 0 512 512\" xmlns=\"http:\/\/www.w3.org\/2000\/svg\"><path d=\"M256 8C119 8 8 119 8 256s111 248 248 248 248-111 248-248S393 8 256 8z\"><\/path><\/svg><\/div>\t\t\t<\/div>\n\t\t\t<div class=\"timeline-item__card-wrapper\">\n\t\t\t\t<div class=\"jltma-timeline-post-inner\">\n\t\t\t\t\t<div class=\"timeline-item__card\">\n\t\t\t\t\t\t<div class=\"timeline-item__content-wrapper\">\n\n\t\t\t\t\t\t\t\n\t\t\t\t\t\t\t\t\t\t\t<div class=\"timeline-item__meta meta timeline-item__meta meta\">\n\t\t\t\t\tJuly 30, 2000\t\t\t\t<\/div><!-- meta -->\n\t\t\t\n\t\t\t\t\t\t\t<div class=\"jltma-timeline-entry-content\">\n\t\t\t\t\t\t\t\t<h5>Excerpt from the Royal Speech on the first anniversary of the Sovereign\u2019s Enthronement<\/h5><p>\u00ab \u2026 No social development is possible without economic growth. Therefore, it is necessary to build a new economy capable of keeping pace with globalization and meeting its challenges. While we have adopted a market economy, this does not mean we aim to establish a market society, but rather a social economy where economic efficiency is combined with social solidarity. \u00bb<\/p>\t\t\t\t\t\t\t<\/div>\n\t\t\t\t\t\t\t\t<div class=\"timeline-item__card__arrow\"><\/div>\n\t\t\t\t\t\t<\/div><!-- \/.post -->\n\t\t\t\t\t<\/div>\n\t\t\t\t<\/div><!-- \/.jltma-timeline-post-inner -->\n\t\t\t<\/div> <!-- card-wrapper -->\n\t\t\t<div class=\"timeline-item__meta-wrapper\">\n\t\t\t\t\t\t\t\t<div class=\"timeline-item__meta meta timeline-item__meta meta timeline-item__meta meta\">\n\t\t\t\t\tJuly 30, 2000\t\t\t\t<\/div><!-- meta -->\n\t\t\t\t\t\t<\/div>\n\t\t<\/div>\n\n\t\t\t<div class=\"elementor-repeater-item-983c111 jltma-blog-timeline-post jltma-timeline__item timeline-item\">\n\t\t\t<div class=\"timeline-item__point\">\n\t\t\t\t<div class=\"jltma-icon jltma-timeline-post-type-icon jltma-icon-support--svg jltma-timeline__item__icon\"><svg class=\"e-font-icon-svg e-fas-circle\" viewbox=\"0 0 512 512\" xmlns=\"http:\/\/www.w3.org\/2000\/svg\"><path d=\"M256 8C119 8 8 119 8 256s111 248 248 248 248-111 248-248S393 8 256 8z\"><\/path><\/svg><\/div>\t\t\t<\/div>\n\t\t\t<div class=\"timeline-item__card-wrapper\">\n\t\t\t\t<div class=\"jltma-timeline-post-inner\">\n\t\t\t\t\t<div class=\"timeline-item__card\">\n\t\t\t\t\t\t<div class=\"timeline-item__content-wrapper\">\n\n\t\t\t\t\t\t\t\n\t\t\t\t\t\t\t\t\t\t\t<div class=\"timeline-item__meta meta timeline-item__meta meta\">\n\t\t\t\t\tJuly 30, 2005\t\t\t\t<\/div><!-- meta -->\n\t\t\t\n\t\t\t\t\t\t\t<div class=\"jltma-timeline-entry-content\">\n\t\t\t\t\t\t\t\t<h5>Excerpt from the Royal Speech on the 6th anniversary of Throne Day<\/h5><p>\u00ab \u2026 We also commend the generous efforts made by civil society actors to promote the spirit of citizenship and encourage the social economy, which provides the conditions for a dignified life. \u00bb<\/p>\t\t\t\t\t\t\t<\/div>\n\t\t\t\t\t\t\t\t<div class=\"timeline-item__card__arrow\"><\/div>\n\t\t\t\t\t\t<\/div><!-- \/.post -->\n\t\t\t\t\t<\/div>\n\t\t\t\t<\/div><!-- \/.jltma-timeline-post-inner -->\n\t\t\t<\/div> <!-- card-wrapper -->\n\t\t\t<div class=\"timeline-item__meta-wrapper\">\n\t\t\t\t\t\t\t\t<div class=\"timeline-item__meta meta timeline-item__meta meta timeline-item__meta meta\">\n\t\t\t\t\tJuly 30, 2005\t\t\t\t<\/div><!-- meta -->\n\t\t\t\t\t\t<\/div>\n\t\t<\/div>\n\n\t\t\t<div class=\"elementor-repeater-item-5a71f9c jltma-blog-timeline-post jltma-timeline__item timeline-item\">\n\t\t\t<div class=\"timeline-item__point\">\n\t\t\t\t<div class=\"jltma-icon jltma-timeline-post-type-icon jltma-icon-support--svg jltma-timeline__item__icon\"><svg class=\"e-font-icon-svg e-fas-circle\" viewbox=\"0 0 512 512\" xmlns=\"http:\/\/www.w3.org\/2000\/svg\"><path d=\"M256 8C119 8 8 119 8 256s111 248 248 248 248-111 248-248S393 8 256 8z\"><\/path><\/svg><\/div>\t\t\t<\/div>\n\t\t\t<div class=\"timeline-item__card-wrapper\">\n\t\t\t\t<div class=\"jltma-timeline-post-inner\">\n\t\t\t\t\t<div class=\"timeline-item__card\">\n\t\t\t\t\t\t<div class=\"timeline-item__content-wrapper\">\n\n\t\t\t\t\t\t\t\n\t\t\t\t\t\t\t\t\t\t\t<div class=\"timeline-item__meta meta timeline-item__meta meta\">\n\t\t\t\t\tJuly 30, 2009\t\t\t\t<\/div><!-- meta -->\n\t\t\t\n\t\t\t\t\t\t\t<div class=\"jltma-timeline-entry-content\">\n\t\t\t\t\t\t\t\t<h5>Excerpt from the Royal Speech on the 10th anniversary of Throne Day<\/h5><p>\u00ab \u2026 The imperative to focus on micro-projects that generate employment and stable income, especially in the current difficult economic context. \u00bb<\/p>\t\t\t\t\t\t\t<\/div>\n\t\t\t\t\t\t\t\t<div class=\"timeline-item__card__arrow\"><\/div>\n\t\t\t\t\t\t<\/div><!-- \/.post -->\n\t\t\t\t\t<\/div>\n\t\t\t\t<\/div><!-- \/.jltma-timeline-post-inner -->\n\t\t\t<\/div> <!-- card-wrapper -->\n\t\t\t<div class=\"timeline-item__meta-wrapper\">\n\t\t\t\t\t\t\t\t<div class=\"timeline-item__meta meta timeline-item__meta meta timeline-item__meta meta\">\n\t\t\t\t\tJuly 30, 2009\t\t\t\t<\/div><!-- meta -->\n\t\t\t\t\t\t<\/div>\n\t\t<\/div>\n\n\t\t\t<div class=\"elementor-repeater-item-e12dcab jltma-blog-timeline-post jltma-timeline__item timeline-item\">\n\t\t\t<div class=\"timeline-item__point\">\n\t\t\t\t<div class=\"jltma-icon jltma-timeline-post-type-icon jltma-icon-support--svg jltma-timeline__item__icon\"><svg class=\"e-font-icon-svg e-fas-circle\" viewbox=\"0 0 512 512\" xmlns=\"http:\/\/www.w3.org\/2000\/svg\"><path d=\"M256 8C119 8 8 119 8 256s111 248 248 248 248-111 248-248S393 8 256 8z\"><\/path><\/svg><\/div>\t\t\t<\/div>\n\t\t\t<div class=\"timeline-item__card-wrapper\">\n\t\t\t\t<div class=\"jltma-timeline-post-inner\">\n\t\t\t\t\t<div class=\"timeline-item__card\">\n\t\t\t\t\t\t<div class=\"timeline-item__content-wrapper\">\n\n\t\t\t\t\t\t\t\n\t\t\t\t\t\t\t\t\t\t\t<div class=\"timeline-item__meta meta timeline-item__meta meta\">\n\t\t\t\t\tNovember 6, 2013\t\t\t\t<\/div><!-- meta -->\n\t\t\t\n\t\t\t\t\t\t\t<div class=\"jltma-timeline-entry-content\">\n\t\t\t\t\t\t\t\t<h5>Excerpt from the Royal Speech on the 38th anniversary of the Green March<\/h5><p>\u00ab \u2026 Economically, this model provides for investment megaprojects to spur economic growth, create wealth and jobs, and encourage the social, solidarity-based economy. This approach is part of a sustainable development dynamic that takes into consideration the protection of the environment and the preservation of the rights of future generations, mainly by putting emphasis on renewable energy. \u00bb<\/p>\t\t\t\t\t\t\t<\/div>\n\t\t\t\t\t\t\t\t<div class=\"timeline-item__card__arrow\"><\/div>\n\t\t\t\t\t\t<\/div><!-- \/.post -->\n\t\t\t\t\t<\/div>\n\t\t\t\t<\/div><!-- \/.jltma-timeline-post-inner -->\n\t\t\t<\/div> <!-- card-wrapper -->\n\t\t\t<div class=\"timeline-item__meta-wrapper\">\n\t\t\t\t\t\t\t\t<div class=\"timeline-item__meta meta timeline-item__meta meta timeline-item__meta meta\">\n\t\t\t\t\tNovember 6, 2013\t\t\t\t<\/div><!-- meta -->\n\t\t\t\t\t\t<\/div>\n\t\t<\/div>\n\n\t\n\n\t\t<\/div>\n\t\t\t\t\t<\/div>\n\t\t\t\t<\/div>\n\t\t\t\t\t<\/div>\n\t\t\t\t<\/div>\n\t\t\t\t<\/div>","protected":false},"excerpt":{"rendered":"<p>Extraits des discours de Sa Majest\u00e9 le Roi Mohammed VI sur l&rsquo;\u00e9conomie sociale et solidaire Une vision Royale \u00e9clair\u00e9e et des orientations strat\u00e9giques Sous le Haut-Patronage de Sa Majest\u00e9 le Roi Mohammed VI Sur le plan \u00e9conomique, ce mod\u00e8le s&rsquo;appuie sur des m\u00e9gaprojets d&rsquo;investissement propres \u00e0 stimuler la croissance \u00e9conomique, \u00e0 cr\u00e9er les richesses et [&hellip;]<\/p>","protected":false},"author":1,"featured_media":0,"parent":0,"menu_order":0,"comment_status":"closed","ping_status":"closed","template":"elementor_header_footer","meta":{"iawp_total_views":250,"footnotes":""},"class_list":["post-1403","page","type-page","status-publish","hentry"],"_links":{"self":[{"href":"https:\/\/aess.ma\/en\/wp-json\/wp\/v2\/pages\/1403","targetHints":{"allow":["GET"]}}],"collection":[{"href":"https:\/\/aess.ma\/en\/wp-json\/wp\/v2\/pages"}],"about":[{"href":"https:\/\/aess.ma\/en\/wp-json\/wp\/v2\/types\/page"}],"author":[{"embeddable":true,"href":"https:\/\/aess.ma\/en\/wp-json\/wp\/v2\/users\/1"}],"replies":[{"embeddable":true,"href":"https:\/\/aess.ma\/en\/wp-json\/wp\/v2\/comments?post=1403"}],"version-history":[{"count":46,"href":"https:\/\/aess.ma\/en\/wp-json\/wp\/v2\/pages\/1403\/revisions"}],"predecessor-version":[{"id":1829,"href":"https:\/\/aess.ma\/en\/wp-json\/wp\/v2\/pages\/1403\/revisions\/1829"}],"wp:attachment":[{"href":"https:\/\/aess.ma\/en\/wp-json\/wp\/v2\/media?parent=1403"}],"curies":[{"name":"wp","href":"https:\/\/api.w.org\/{rel}","templated":true}]}}