{"id":361,"date":"2025-05-29T16:02:52","date_gmt":"2025-05-29T16:02:52","guid":{"rendered":"https:\/\/aess.ma\/?page_id=361"},"modified":"2025-06-10T09:03:04","modified_gmt":"2025-06-10T09:03:04","slug":"speed-coaching","status":"publish","type":"page","link":"https:\/\/aess.ma\/ar\/speed-coaching\/","title":{"rendered":"\u0627\u0644\u062a\u062f\u0631\u064a\u0628 \u0627\u0644\u0633\u0631\u064a\u0639"},"content":{"rendered":"<div data-elementor-type=\"wp-page\" data-elementor-id=\"361\" class=\"elementor elementor-361\" data-elementor-post-type=\"page\">\n\t\t\t\t<div class=\"elementor-element elementor-element-b7f28b5 e-flex e-con-boxed e-con e-parent\" data-id=\"b7f28b5\" data-element_type=\"container\" data-settings=\"{&quot;background_background&quot;:&quot;classic&quot;}\">\n\t\t\t\t\t<div class=\"e-con-inner\">\n\t\t\t\t<div class=\"elementor-element elementor-element-a8e38ef jltma-glass-effect-no elementor-invisible elementor-widget elementor-widget-heading\" data-id=\"a8e38ef\" data-element_type=\"widget\" data-settings=\"{&quot;_animation&quot;:&quot;fadeInDown&quot;}\" data-widget_type=\"heading.default\">\n\t\t\t\t<div class=\"elementor-widget-container\">\n\t\t\t\t\t<h2 class=\"elementor-heading-title elementor-size-default\">\u0627\u0644\u062a\u062f\u0631\u064a\u0628 \u0627\u0644\u0633\u0631\u064a\u0639<\/h2>\t\t\t\t<\/div>\n\t\t\t\t<\/div>\n\t\t\t\t<div class=\"elementor-element elementor-element-0719e63 jltma-glass-effect-no elementor-invisible elementor-widget elementor-widget-text-editor\" data-id=\"0719e63\" data-element_type=\"widget\" data-settings=\"{&quot;_animation&quot;:&quot;fadeInUp&quot;}\" data-widget_type=\"text-editor.default\">\n\t\t\t\t<div class=\"elementor-widget-container\">\n\t\t\t\t\t\t\t\t\t<p>\u0641\u064a \u0625\u0637\u0627\u0631 \u0627\u0644\u0645\u0646\u0627\u0638\u0631\u0629 \u0627\u0644\u0648\u0637\u0646\u064a\u0629 \u0644\u0644\u0627\u0642\u062a\u0635\u0627\u062f \u0627\u0644\u0627\u062c\u062a\u0645\u0627\u0639\u064a \u0648\u0627\u0644\u062a\u0636\u0627\u0645\u0646\u064a\u060c \u062a\u0645 \u062a\u062e\u0635\u064a\u0635 \u0641\u0636\u0627\u0621 \u0644\u0644\u062a\u0648\u062c\u064a\u0647 \u0627\u0644\u0633\u0631\u064a\u0639 (Speed Coaching)  \u0644\u062f\u0639\u0645 \u062d\u0627\u0645\u0644\u064a \u0645\u0634\u0627\u0631\u064a\u0639 \u0630\u0627\u062a \u0627\u0644\u062a\u0623\u062b\u064a\u0631 \u0627\u0644\u0627\u062c\u062a\u0645\u0627\u0639\u064a \u0627\u0644\u0643\u0628\u064a\u0631.<\/p>\t\t\t\t\t\t\t\t<\/div>\n\t\t\t\t<\/div>\n\t\t\t\t\t<\/div>\n\t\t\t\t<\/div>\n\t\t<div class=\"elementor-element elementor-element-bc278d9 e-flex e-con-boxed e-con e-parent\" data-id=\"bc278d9\" data-element_type=\"container\">\n\t\t\t\t\t<div class=\"e-con-inner\">\n\t\t<div class=\"elementor-element elementor-element-85c13dc e-con-full e-flex e-con e-child\" data-id=\"85c13dc\" data-element_type=\"container\" data-settings=\"{&quot;background_background&quot;:&quot;classic&quot;}\">\n\t\t<div class=\"elementor-element elementor-element-1cc5fa8 e-con-full e-flex e-con e-child\" data-id=\"1cc5fa8\" data-element_type=\"container\" data-settings=\"{&quot;background_background&quot;:&quot;classic&quot;}\">\n\t\t\t\t<div class=\"elementor-element elementor-element-b9536e4 box-heading jltma-glass-effect-no elementor-widget elementor-widget-heading\" data-id=\"b9536e4\" data-element_type=\"widget\" data-widget_type=\"heading.default\">\n\t\t\t\t<div class=\"elementor-widget-container\">\n\t\t\t\t\t<h3 class=\"elementor-heading-title elementor-size-default\">\u0627\u0644\u062a\u0648\u062c\u064a\u0647 \u0648\u0627\u0644\u0645\u0648\u0627\u0643\u0628\u0629 \u0627\u0644\u0634\u062e\u0635\u064a\u0629 \u0641\u064a \u062e\u0645\u0633\u0629 \u0645\u062c\u0627\u0644\u0627\u062a \u0631\u0626\u064a\u0633\u064a\u0629 \u0641\u064a \u0627\u0644\u0627\u0642\u062a\u0635\u0627\u062f \u0627\u0644\u0627\u062c\u062a\u0645\u0627\u0639\u064a \u0648\u0627\u0644\u062a\u0636\u0627\u0645\u0646\u064a:\n\n\u0627\u0644\u0642\u0627\u0646\u0648\u0646\u060c \u0648\u0627\u0644\u062a\u0645\u0648\u064a\u0644\u060c \u0648\u0627\u0644\u062a\u0633\u0648\u064a\u0642 \u0648\u0627\u0644\u0645\u0628\u064a\u0639\u0627\u062a\u060c \u0648\u0646\u0645\u0627\u0630\u062c \u0627\u0644\u0623\u0639\u0645\u0627\u0644 \u0627\u0644\u0627\u062c\u062a\u0645\u0627\u0639\u064a\u0629\u060c \u0648\u0627\u0644\u062a\u062d\u0648\u0644 \u0627\u0644\u0631\u0642\u0645\u064a.<\/h3>\t\t\t\t<\/div>\n\t\t\t\t<\/div>\n\t\t\t\t<\/div>\n\t\t\t\t<\/div>\n\t\t\t\t\t<\/div>\n\t\t\t\t<\/div>\n\t\t<div class=\"elementor-element elementor-element-ac8e58c e-flex e-con-boxed e-con e-parent\" data-id=\"ac8e58c\" data-element_type=\"container\">\n\t\t\t\t\t<div class=\"e-con-inner\">\n\t\t\t\t<div class=\"elementor-element elementor-element-18a365e jltma-glass-effect-no elementor-invisible elementor-widget elementor-widget-text-editor\" data-id=\"18a365e\" data-element_type=\"widget\" data-settings=\"{&quot;_animation&quot;:&quot;fadeInUp&quot;}\" data-widget_type=\"text-editor.default\">\n\t\t\t\t<div class=\"elementor-widget-container\">\n\t\t\t\t\t\t\t\t\t<p>\u0641\u064a \u0625\u0637\u0627\u0631 \u0627\u0644\u0645\u0646\u0627\u0638\u0631\u0629 \u0627\u0644\u0648\u0637\u0646\u064a\u0629 \u0644\u0644\u0627\u0642\u062a\u0635\u0627\u062f \u0627\u0644\u0627\u062c\u062a\u0645\u0627\u0639\u064a \u0648\u0627\u0644\u062a\u0636\u0627\u0645\u0646\u064a \u0644\u0633\u0646\u0629 2025\u060c \u0633\u064a\u062a\u0645 \u062a\u0646\u0638\u064a\u0645 \u0641\u0636\u0627\u0621 \u062e\u0627\u0635 \u0644\u0644\u062a\u0648\u062c\u064a\u0647 \u0627\u0644\u0633\u0631\u064a\u0639 (Speed Coaching) \u0644\u0641\u0627\u0626\u062f\u0629 60 \u062d\u0627\u0645\u0644 \u0645\u0634\u0631\u0648\u0639\u060c \u0628\u0647\u062f\u0641 \u062a\u0645\u0643\u064a\u0646\u0647\u0645 \u0645\u0646 \u0645\u0648\u0627\u0643\u0628\u0629 \u0645\u0648\u062c\u0651\u0647\u0629 \u0648\u0634\u062e\u0635\u064a\u0629 \u064a\u0624\u0637\u0631\u0647\u0627 \u062e\u0628\u0631\u0627\u0621 \u0645\u064a\u062f\u0627\u0646\u064a\u0648\u0646. \u0648\u062a\u0645\u062a\u062f \u0643\u0644 \u062c\u0644\u0633\u0629 \u0639\u0644\u0649 \u0645\u062f\u0649 40 \u062f\u0642\u064a\u0642\u0629\u060c \u062a\u062a\u064a\u062d \u062a\u0634\u062e\u064a\u0635\u064b\u0627 \u0633\u0631\u064a\u0639\u064b\u0627\u060c \u0648\u0631\u0624\u064a\u0629 \u062e\u0627\u0631\u062c\u064a\u0629\u060c \u0648\u0646\u0635\u0627\u0626\u062d \u0639\u0645\u0644\u064a\u0629. \u0648\u064a\u0647\u062f\u0641 \u0647\u0630\u0627 \u0627\u0644\u0641\u0636\u0627\u0621 \u0625\u0644\u0649 \u062a\u0642\u062f\u064a\u0645 \u062d\u0644\u0648\u0644 \u0645\u0644\u0645\u0648\u0633\u0629 \u0648\u062a\u0639\u0632\u064a\u0632 \u0642\u062f\u0631\u0627\u062a \u0627\u0644\u0641\u0627\u0639\u0644\u064a\u0646 \u0641\u064a \u0645\u062c\u0627\u0644 \u0627\u0644\u0627\u0642\u062a\u0635\u0627\u062f \u0627\u0644\u0627\u062c\u062a\u0645\u0627\u0639\u064a \u0648\u0627\u0644\u062a\u0636\u0627\u0645\u0646\u064a.<\/p>\t\t\t\t\t\t\t\t<\/div>\n\t\t\t\t<\/div>\n\t\t\t\t\t<\/div>\n\t\t\t\t<\/div>\n\t\t<div class=\"elementor-element elementor-element-57b6c0f e-flex e-con-boxed e-con e-parent\" data-id=\"57b6c0f\" data-element_type=\"container\">\n\t\t\t\t\t<div class=\"e-con-inner\">\n\t\t\t\t<div class=\"elementor-element elementor-element-a082f16 jltma-glass-effect-no elementor-invisible elementor-widget elementor-widget-heading\" data-id=\"a082f16\" data-element_type=\"widget\" data-settings=\"{&quot;_animation&quot;:&quot;fadeInDown&quot;}\" data-widget_type=\"heading.default\">\n\t\t\t\t<div class=\"elementor-widget-container\">\n\t\t\t\t\t<h2 class=\"elementor-heading-title elementor-size-default\">\n\u0627\u0644\u0645\u062a\u062d\u062f\u062b\u0648\u0646 \u0648\u0627\u0644\u0645\u0648\u0627\u0636\u064a\u0639\n<\/h2>\t\t\t\t<\/div>\n\t\t\t\t<\/div>\n\t\t<div class=\"elementor-element elementor-element-43d5d22 e-con-full e-flex e-con e-child\" data-id=\"43d5d22\" data-element_type=\"container\">\n\t\t<div class=\"elementor-element elementor-element-65553ae e-con-full e-flex e-con e-child\" data-id=\"65553ae\" data-element_type=\"container\" data-settings=\"{&quot;background_background&quot;:&quot;classic&quot;}\">\n\t\t\t\t<div class=\"elementor-element elementor-element-f177911 jltma-glass-effect-no elementor-widget elementor-widget-heading\" data-id=\"f177911\" data-element_type=\"widget\" data-widget_type=\"heading.default\">\n\t\t\t\t<div class=\"elementor-widget-container\">\n\t\t\t\t\t<h2 class=\"elementor-heading-title elementor-size-default\">\u0627\u0644\u0642\u0627\u0646\u0648\u0646 \u0641\u064a \u0645\u062c\u0627\u0644 \u0627\u0644\u0627\u0642\u062a\u0635\u0627\u062f \u0627\u0644\u0627\u062c\u062a\u0645\u0627\u0639\u064a \u0648\u0627\u0644\u062a\u0636\u0627\u0645\u0646\u064a:<\/h2>\t\t\t\t<\/div>\n\t\t\t\t<\/div>\n\t\t\t\t<div class=\"elementor-element elementor-element-dc2f7ae jltma-glass-effect-no elementor-widget elementor-widget-heading\" data-id=\"dc2f7ae\" data-element_type=\"widget\" data-widget_type=\"heading.default\">\n\t\t\t\t<div class=\"elementor-widget-container\">\n\t\t\t\t\t<h2 class=\"elementor-heading-title elementor-size-default\">\u062e\u0648\u0644\u0629 \u064a\u0639\u0642\u0648\u0628\u064a \u0648\u0645\u062d\u0645\u062f \u0627\u0644\u0639\u0628\u0631\u064a\u062f\u064a<\/h2>\t\t\t\t<\/div>\n\t\t\t\t<\/div>\n\t\t\t\t<\/div>\n\t\t<div class=\"elementor-element elementor-element-a19649e e-con-full e-flex e-con e-child\" data-id=\"a19649e\" data-element_type=\"container\" data-settings=\"{&quot;background_background&quot;:&quot;classic&quot;}\">\n\t\t\t\t<div class=\"elementor-element elementor-element-94ee4de jltma-glass-effect-no elementor-widget elementor-widget-heading\" data-id=\"94ee4de\" data-element_type=\"widget\" data-widget_type=\"heading.default\">\n\t\t\t\t<div class=\"elementor-widget-container\">\n\t\t\t\t\t<h2 class=\"elementor-heading-title elementor-size-default\">\u0627\u0644\u062a\u0645\u0648\u064a\u0644 \u0641\u064a \u0645\u062c\u0627\u0644 \u0627\u0644\u0627\u0642\u062a\u0635\u0627\u062f \u0627\u0644\u0627\u062c\u062a\u0645\u0627\u0639\u064a \u0648\u0627\u0644\u062a\u0636\u0627\u0645\u0646\u064a:<\/h2>\t\t\t\t<\/div>\n\t\t\t\t<\/div>\n\t\t\t\t<div class=\"elementor-element elementor-element-e434f3a jltma-glass-effect-no elementor-widget elementor-widget-heading\" data-id=\"e434f3a\" data-element_type=\"widget\" data-widget_type=\"heading.default\">\n\t\t\t\t<div class=\"elementor-widget-container\">\n\t\t\t\t\t<h2 class=\"elementor-heading-title elementor-size-default\">\u0643\u0631\u064a\u0645 \u0627\u0644\u0639\u0627\u0637\u0631\u064a \u0648\u0632\u064a\u0646\u0628 \u0634\u0639\u0628\u0627\u0646<\/h2>\t\t\t\t<\/div>\n\t\t\t\t<\/div>\n\t\t\t\t<\/div>\n\t\t<div class=\"elementor-element elementor-element-f09cb79 e-con-full e-flex e-con e-child\" data-id=\"f09cb79\" data-element_type=\"container\" data-settings=\"{&quot;background_background&quot;:&quot;classic&quot;}\">\n\t\t\t\t<div class=\"elementor-element elementor-element-fb6d213 jltma-glass-effect-no elementor-widget elementor-widget-heading\" data-id=\"fb6d213\" data-element_type=\"widget\" data-widget_type=\"heading.default\">\n\t\t\t\t<div class=\"elementor-widget-container\">\n\t\t\t\t\t<h2 class=\"elementor-heading-title elementor-size-default\">\u0627\u0644\u062a\u0633\u0648\u064a\u0642 \u0648\u0627\u0644\u0645\u0628\u064a\u0639\u0627\u062a \u0641\u064a \u0645\u062c\u0627\u0644 \u0627\u0644\u0627\u0642\u062a\u0635\u0627\u062f \u0627\u0644\u0627\u062c\u062a\u0645\u0627\u0639\u064a \u0648\u0627\u0644\u062a\u0636\u0627\u0645\u0646\u064a:<\/h2>\t\t\t\t<\/div>\n\t\t\t\t<\/div>\n\t\t\t\t<div class=\"elementor-element elementor-element-f022c1f jltma-glass-effect-no elementor-widget elementor-widget-heading\" data-id=\"f022c1f\" data-element_type=\"widget\" data-widget_type=\"heading.default\">\n\t\t\t\t<div class=\"elementor-widget-container\">\n\t\t\t\t\t<h2 class=\"elementor-heading-title elementor-size-default\">\u062e\u064a\u0631\u0629 \u0628\u0648\u0639\u0632\u0629 \u0648\u0639\u0644\u064a \u0628\u0646\u062f\u062d\u0628\u064a\u0627<\/h2>\t\t\t\t<\/div>\n\t\t\t\t<\/div>\n\t\t\t\t<\/div>\n\t\t<div class=\"elementor-element elementor-element-6e6ab51 e-con-full e-flex e-con e-child\" data-id=\"6e6ab51\" data-element_type=\"container\" data-settings=\"{&quot;background_background&quot;:&quot;classic&quot;}\">\n\t\t\t\t<div class=\"elementor-element elementor-element-9f5b0fc jltma-glass-effect-no elementor-widget elementor-widget-heading\" data-id=\"9f5b0fc\" data-element_type=\"widget\" data-widget_type=\"heading.default\">\n\t\t\t\t<div class=\"elementor-widget-container\">\n\t\t\t\t\t<h2 class=\"elementor-heading-title elementor-size-default\">\u0646\u0645\u0648\u0630\u062c \u0627\u0644\u0623\u0639\u0645\u0627\u0644 \u0627\u0644\u0627\u062c\u062a\u0645\u0627\u0639\u064a:<\/h2>\t\t\t\t<\/div>\n\t\t\t\t<\/div>\n\t\t\t\t<div class=\"elementor-element elementor-element-87b53ae jltma-glass-effect-no elementor-widget elementor-widget-heading\" data-id=\"87b53ae\" data-element_type=\"widget\" data-widget_type=\"heading.default\">\n\t\t\t\t<div class=\"elementor-widget-container\">\n\t\t\t\t\t<h2 class=\"elementor-heading-title elementor-size-default\">\u0632\u0647\u0631\u0629 \u0646\u0641\u0627\u0639 \u0648\u062c\u0648\u0627\u062f \u0627\u0644\u0631\u0632\u0648\u0632<\/h2>\t\t\t\t<\/div>\n\t\t\t\t<\/div>\n\t\t\t\t<\/div>\n\t\t<div class=\"elementor-element elementor-element-9bfa124 e-con-full e-flex e-con e-child\" data-id=\"9bfa124\" data-element_type=\"container\" data-settings=\"{&quot;background_background&quot;:&quot;classic&quot;}\">\n\t\t\t\t<div class=\"elementor-element elementor-element-c471ebc jltma-glass-effect-no elementor-widget elementor-widget-heading\" data-id=\"c471ebc\" data-element_type=\"widget\" data-widget_type=\"heading.default\">\n\t\t\t\t<div class=\"elementor-widget-container\">\n\t\t\t\t\t<h2 class=\"elementor-heading-title elementor-size-default\">\u0627\u0644\u062a\u062d\u0648\u0644 \u0627\u0644\u0631\u0642\u0645\u064a \u0641\u064a \u0645\u062c\u0627\u0644 \u0627\u0644\u0627\u0642\u062a\u0635\u0627\u062f \u0627\u0644\u0627\u062c\u062a\u0645\u0627\u0639\u064a \u0648\u0627\u0644\u062a\u0636\u0627\u0645\u0646\u064a:<\/h2>\t\t\t\t<\/div>\n\t\t\t\t<\/div>\n\t\t\t\t<div class=\"elementor-element elementor-element-ae7263e jltma-glass-effect-no elementor-widget elementor-widget-heading\" data-id=\"ae7263e\" data-element_type=\"widget\" data-widget_type=\"heading.default\">\n\t\t\t\t<div class=\"elementor-widget-container\">\n\t\t\t\t\t<h2 class=\"elementor-heading-title elementor-size-default\">\u062e\u0648\u0644\u0629 \u064a\u0639\u0642\u0648\u0628\u064a \u0648\u0645\u062d\u0645\u062f \u0627\u0644\u0639\u0628\u0631\u064a\u062f\u064a<\/h2>\t\t\t\t<\/div>\n\t\t\t\t<\/div>\n\t\t\t\t<\/div>\n\t\t\t\t<\/div>\n\t\t\t\t\t<\/div>\n\t\t\t\t<\/div>\n\t\t<div class=\"elementor-element elementor-element-3bfb92b e-flex e-con-boxed e-con e-parent\" data-id=\"3bfb92b\" data-element_type=\"container\">\n\t\t\t\t\t<div class=\"e-con-inner\">\n\t\t<div class=\"elementor-element elementor-element-708fe8d e-con-full e-flex e-con e-child\" data-id=\"708fe8d\" data-element_type=\"container\" data-settings=\"{&quot;background_background&quot;:&quot;classic&quot;}\">\n\t\t<div class=\"elementor-element elementor-element-2e328f5 e-con-full e-flex e-con e-child\" data-id=\"2e328f5\" data-element_type=\"container\">\n\t\t<!-- dce invisible element 62b1e92 --><div class=\"elementor-element elementor-element-4393921 e-con-full e-flex e-con e-child\" data-id=\"4393921\" data-element_type=\"container\">\n\t\t\t\t<div class=\"elementor-element elementor-element-cf024ec jltma-glass-effect-no elementor-widget elementor-widget-heading\" data-id=\"cf024ec\" data-element_type=\"widget\" data-widget_type=\"heading.default\">\n\t\t\t\t<div class=\"elementor-widget-container\">\n\t\t\t\t\t<h2 class=\"elementor-heading-title elementor-size-default\">\u0627\u0644\u0645\u0624\u0637\u0631<\/h2>\t\t\t\t<\/div>\n\t\t\t\t<\/div>\n\t\t\t\t<div class=\"elementor-element elementor-element-b1d1daa jltma-glass-effect-no elementor-widget elementor-widget-heading\" data-id=\"b1d1daa\" data-element_type=\"widget\" data-widget_type=\"heading.default\">\n\t\t\t\t<div class=\"elementor-widget-container\">\n\t\t\t\t\t<h2 class=\"elementor-heading-title elementor-size-default\">\u0623\u064a\u0645\u0646 \u0634\u0631\u0651\u0627\u0642\u064a<\/h2>\t\t\t\t<\/div>\n\t\t\t\t<\/div>\n\t\t\t\t<div class=\"elementor-element elementor-element-c7cc032 jltma-glass-effect-no elementor-widget elementor-widget-heading\" data-id=\"c7cc032\" data-element_type=\"widget\" data-widget_type=\"heading.default\">\n\t\t\t\t<div class=\"elementor-widget-container\">\n\t\t\t\t\t<h2 class=\"elementor-heading-title elementor-size-default\">\u00a0\u0645\u062f\u064a\u0631 \u0628\u0631\u0646\u0627\u0645\u062c \"\u0623\u0643\u0627\u062f\u064a\u0645\u064a\" \u2013 \u0645\u0624\u0633\u0633\u0629 \u0639\u0628\u062f \u0627\u0644\u0642\u0627\u062f\u0631 \u0628\u0646\u0635\u0627\u0644\u062d<\/h2>\t\t\t\t<\/div>\n\t\t\t\t<\/div>\n\t\t\t\t<div class=\"elementor-element elementor-element-710caff elementor-icon-list--layout-inline elementor-align-left elementor-mobile-align-center elementor-list-item-link-full_width jltma-glass-effect-no elementor-widget elementor-widget-icon-list\" data-id=\"710caff\" data-element_type=\"widget\" data-widget_type=\"icon-list.default\">\n\t\t\t\t<div class=\"elementor-widget-container\">\n\t\t\t\t\t\t\t<ul class=\"elementor-icon-list-items elementor-inline-items\">\n\t\t\t\t\t\t\t<li class=\"elementor-icon-list-item elementor-inline-item\">\n\t\t\t\t\t\t\t\t\t\t\t<a href=\"mailto:aimane.cherragui@holmarcom.ma%20\">\n\n\t\t\t\t\t\t\t\t\t\t\t\t<span class=\"elementor-icon-list-icon\">\n\t\t\t\t\t\t\t<i aria-hidden=\"true\" class=\"jltma-material-icon jltma-material-icon-email\"><\/i>\t\t\t\t\t\t<\/span>\n\t\t\t\t\t\t\t\t\t\t<span class=\"elementor-icon-list-text\">aimane.cherragui@holmarcom.ma <\/span>\n\t\t\t\t\t\t\t\t\t\t\t<\/a>\n\t\t\t\t\t\t\t\t\t<\/li>\n\t\t\t\t\t\t\t\t<li class=\"elementor-icon-list-item elementor-inline-item\">\n\t\t\t\t\t\t\t\t\t\t\t<a href=\"tel:0668711771\">\n\n\t\t\t\t\t\t\t\t\t\t\t\t<span class=\"elementor-icon-list-icon\">\n\t\t\t\t\t\t\t<svg aria-hidden=\"true\" class=\"e-font-icon-svg e-fas-phone-alt\" viewbox=\"0 0 512 512\" xmlns=\"http:\/\/www.w3.org\/2000\/svg\"><path d=\"M497.39 361.8l-112-48a24 24 0 0 0-28 6.9l-49.6 60.6A370.66 370.66 0 0 1 130.6 204.11l60.6-49.6a23.94 23.94 0 0 0 6.9-28l-48-112A24.16 24.16 0 0 0 122.6.61l-104 24A24 24 0 0 0 0 48c0 256.5 207.9 464 464 464a24 24 0 0 0 23.4-18.6l24-104a24.29 24.29 0 0 0-14.01-27.6z\"><\/path><\/svg>\t\t\t\t\t\t<\/span>\n\t\t\t\t\t\t\t\t\t\t<span class=\"elementor-icon-list-text\">0668 711 771<\/span>\n\t\t\t\t\t\t\t\t\t\t\t<\/a>\n\t\t\t\t\t\t\t\t\t<\/li>\n\t\t\t\t\t\t<\/ul>\n\t\t\t\t\t\t<\/div>\n\t\t\t\t<\/div>\n\t\t\t\t<\/div>\n\t\t\t\t<\/div>\n\t\t<!-- dce invisible element ed167b8 --><!-- dce invisible element a6096d5 --><div class=\"elementor-element elementor-element-0f6a1bb e-con-full e-flex e-con e-child\" data-id=\"0f6a1bb\" data-element_type=\"container\">\n\t\t\t\t<div class=\"elementor-element elementor-element-583cdb7 jltma-glass-effect-no elementor-widget elementor-widget-heading\" data-id=\"583cdb7\" data-element_type=\"widget\" data-widget_type=\"heading.default\">\n\t\t\t\t<div class=\"elementor-widget-container\">\n\t\t\t\t\t<h5 class=\"elementor-heading-title elementor-size-default\">\u062a\u0645 \u0625\u063a\u0644\u0627\u0642 \u0628\u0627\u0628 \u0627\u0644\u062a\u0633\u062c\u064a\u0644<\/h5>\t\t\t\t<\/div>\n\t\t\t\t<\/div>\n\t\t\t\t<div class=\"elementor-element elementor-element-6dea0a7 jltma-glass-effect-no elementor-widget elementor-widget-heading\" data-id=\"6dea0a7\" data-element_type=\"widget\" data-widget_type=\"heading.default\">\n\t\t\t\t<div class=\"elementor-widget-container\">\n\t\t\t\t\t<h5 class=\"elementor-heading-title elementor-size-default\">\u0646\u0634\u0643\u0631\u0643\u0645 \u0639\u0644\u0649 \u0627\u0647\u062a\u0645\u0627\u0645\u0643\u0645 \u0648\u0627\u0646\u062e\u0631\u0627\u0637\u0643\u0645 \u0641\u064a \u0627\u0644\u062f\u064a\u0646\u0627\u0645\u064a\u0629 \u0627\u0644\u0645\u0648\u0627\u0643\u0628\u0629 \u0644\u0644\u0646\u0633\u062e\u0629 \u0627\u0644\u062e\u0627\u0645\u0633\u0629 \u0645\u0646 \u0627\u0644\u0645\u0646\u0627\u0638\u0631\u0629 \u0627\u0644\u0648\u0637\u0646\u064a\u0629 \u0644\u0644\u0627\u0642\u062a\u0635\u0627\u062f \u0627\u0644\u0627\u062c\u062a\u0645\u0627\u0639\u064a \u0648\u0627\u0644\u062a\u0636\u0627\u0645\u0646\u064a. \u0644\u0642\u062f \u062a\u0645 \u0625\u063a\u0644\u0627\u0642 \u0628\u0627\u0628 \u0627\u0644\u062a\u0633\u062c\u064a\u0644.\n\u0646\u062f\u0639\u0648\u0643\u0645 \u0625\u0644\u0649 \u0645\u062a\u0627\u0628\u0639\u0629 \u0645\u062c\u0631\u064a\u0627\u062a \u0627\u0644\u0645\u0646\u0627\u0638\u0631\u0629 \u0639\u0628\u0631 \u0645\u0646\u0635\u0627\u062a\u0646\u0627 \u0627\u0644\u0631\u0633\u0645\u064a\u0629.<\/h5>\t\t\t\t<\/div>\n\t\t\t\t<\/div>\n\t\t\t\t<\/div>\n\t\t\t\t<\/div>\n\t\t\t\t\t<\/div>\n\t\t\t\t<\/div>\n\t\t\t\t<\/div>","protected":false},"excerpt":{"rendered":"<p>Speed Coaching ESS Dans le cadre des Assises, un espace de speed coaching pour accompagner des porteurs de projets ESS \u00e0 fort potentiel d\u2019impact social. Coaching &amp; Accompagnement personnalis\u00e9 dans 5 domaines cl\u00e9s de l&rsquo;\u00c9conomie Sociale et Solidaire :\u2028Juridique, Financement, Sales &amp; Marketing, Mod\u00e8le d\u2019affaires social, Transformation digitale. Dans le cadre des Assises Nationales de [&hellip;]<\/p>","protected":false},"author":1,"featured_media":0,"parent":0,"menu_order":0,"comment_status":"closed","ping_status":"closed","template":"elementor_header_footer","meta":{"iawp_total_views":240,"footnotes":""},"class_list":["post-361","page","type-page","status-publish","hentry"],"_links":{"self":[{"href":"https:\/\/aess.ma\/ar\/wp-json\/wp\/v2\/pages\/361","targetHints":{"allow":["GET"]}}],"collection":[{"href":"https:\/\/aess.ma\/ar\/wp-json\/wp\/v2\/pages"}],"about":[{"href":"https:\/\/aess.ma\/ar\/wp-json\/wp\/v2\/types\/page"}],"author":[{"embeddable":true,"href":"https:\/\/aess.ma\/ar\/wp-json\/wp\/v2\/users\/1"}],"replies":[{"embeddable":true,"href":"https:\/\/aess.ma\/ar\/wp-json\/wp\/v2\/comments?post=361"}],"version-history":[{"count":92,"href":"https:\/\/aess.ma\/ar\/wp-json\/wp\/v2\/pages\/361\/revisions"}],"predecessor-version":[{"id":1911,"href":"https:\/\/aess.ma\/ar\/wp-json\/wp\/v2\/pages\/361\/revisions\/1911"}],"wp:attachment":[{"href":"https:\/\/aess.ma\/ar\/wp-json\/wp\/v2\/media?parent=361"}],"curies":[{"name":"wp","href":"https:\/\/api.w.org\/{rel}","templated":true}]}}