{"id":1520,"date":"2025-06-05T03:51:49","date_gmt":"2025-06-05T03:51:49","guid":{"rendered":"https:\/\/aess.ma\/?page_id=1520"},"modified":"2025-06-10T09:04:55","modified_gmt":"2025-06-10T09:04:55","slug":"coaching","status":"publish","type":"page","link":"https:\/\/aess.ma\/ar\/coaching\/","title":{"rendered":"\u0627\u0644\u062a\u062f\u0631\u064a\u0628"},"content":{"rendered":"<div data-elementor-type=\"wp-page\" data-elementor-id=\"1520\" class=\"elementor elementor-1520\" data-elementor-post-type=\"page\">\n\t\t\t\t<div class=\"elementor-element elementor-element-b7f28b5 e-flex e-con-boxed e-con e-parent\" data-id=\"b7f28b5\" data-element_type=\"container\" data-settings=\"{&quot;background_background&quot;:&quot;classic&quot;}\">\n\t\t\t\t\t<div class=\"e-con-inner\">\n\t\t\t\t<div class=\"elementor-element elementor-element-a8e38ef jltma-glass-effect-no elementor-invisible elementor-widget elementor-widget-heading\" data-id=\"a8e38ef\" data-element_type=\"widget\" data-settings=\"{&quot;_animation&quot;:&quot;fadeInDown&quot;}\" data-widget_type=\"heading.default\">\n\t\t\t\t<div class=\"elementor-widget-container\">\n\t\t\t\t\t<h2 class=\"elementor-heading-title elementor-size-default\">\u0627\u0644\u062a\u062f\u0631\u064a\u0628  (\u0627\u0644\u0643\u0648\u062a\u0634\u064a\u0646\u063a): \u0627\u0644\u062a\u0646\u0645\u064a\u0629 \u0627\u0644\u0630\u0627\u062a\u064a\u0629<\/h2>\t\t\t\t<\/div>\n\t\t\t\t<\/div>\n\t\t\t\t<div class=\"elementor-element elementor-element-0719e63 jltma-glass-effect-no elementor-invisible elementor-widget elementor-widget-text-editor\" data-id=\"0719e63\" data-element_type=\"widget\" data-settings=\"{&quot;_animation&quot;:&quot;fadeInUp&quot;}\" data-widget_type=\"text-editor.default\">\n\t\t\t\t<div class=\"elementor-widget-container\">\n\t\t\t\t\t\t\t\t\t<p>\u0648\u0631\u0634\u0629 \u062a\u0641\u0627\u0639\u0644\u064a\u0629 \u062a\u0647\u062f\u0641 \u0625\u0644\u0649 \u062a\u0639\u0632\u064a\u0632 \u0627\u0644\u062a\u0634\u0628\u064a\u0643 \u0648\u0627\u0644\u062a\u0639\u0627\u0648\u0646 \u0641\u064a \u0645\u0634\u0627\u0631\u064a\u0639 \u0627\u0644\u0627\u0642\u062a\u0635\u0627\u062f \u0627\u0644\u0627\u062c\u062a\u0645\u0627\u0639\u064a \u0648\u0627\u0644\u062a\u0636\u0627\u0645\u0646\u064a \u0645\u0646 \u062e\u0644\u0627\u0644 \u0627\u0644\u0630\u0643\u0627\u0621 \u0627\u0644\u0639\u0627\u0637\u0641\u064a \u0648\u0627\u0644\u0627\u0633\u062a\u0645\u0627\u0639 \u0627\u0644\u062c\u064a\u062f<\/p>\t\t\t\t\t\t\t\t<\/div>\n\t\t\t\t<\/div>\n\t\t\t\t\t<\/div>\n\t\t\t\t<\/div>\n\t\t<div class=\"elementor-element elementor-element-2fb09ec e-flex e-con-boxed e-con e-parent\" data-id=\"2fb09ec\" data-element_type=\"container\">\n\t\t\t\t\t<div class=\"e-con-inner\">\n\t\t\t\t<div class=\"elementor-element elementor-element-8b815b9 jltma-glass-effect-no elementor-invisible elementor-widget elementor-widget-heading\" data-id=\"8b815b9\" data-element_type=\"widget\" data-settings=\"{&quot;_animation&quot;:&quot;fadeInDown&quot;}\" data-widget_type=\"heading.default\">\n\t\t\t\t<div class=\"elementor-widget-container\">\n\t\t\t\t\t<h2 class=\"elementor-heading-title elementor-size-default\">\u0627\u0644\u0645\u0624\u0637\u0631\u064a\u0646<\/h2>\t\t\t\t<\/div>\n\t\t\t\t<\/div>\n\t\t<div class=\"elementor-element elementor-element-25aa0b0 e-con-full e-flex e-con e-child\" data-id=\"25aa0b0\" data-element_type=\"container\">\n\t\t<div class=\"elementor-element elementor-element-f7db9ab e-con-full e-flex e-con e-child\" data-id=\"f7db9ab\" data-element_type=\"container\" data-settings=\"{&quot;background_background&quot;:&quot;classic&quot;}\">\n\t\t\t\t<div class=\"elementor-element elementor-element-8678408 jltma-glass-effect-no elementor-widget elementor-widget-heading\" data-id=\"8678408\" data-element_type=\"widget\" data-widget_type=\"heading.default\">\n\t\t\t\t<div class=\"elementor-widget-container\">\n\t\t\t\t\t<h2 class=\"elementor-heading-title elementor-size-default\">\u0633\u0645\u064a\u0631\u0629 \u0627\u0644\u0631\u064a\u0633\u0648\u0646\u064a<\/h2>\t\t\t\t<\/div>\n\t\t\t\t<\/div>\n\t\t\t\t<\/div>\n\t\t<div class=\"elementor-element elementor-element-e58c5ea e-con-full e-flex e-con e-child\" data-id=\"e58c5ea\" data-element_type=\"container\" data-settings=\"{&quot;background_background&quot;:&quot;classic&quot;}\">\n\t\t\t\t<div class=\"elementor-element elementor-element-3d5ae05 jltma-glass-effect-no elementor-widget elementor-widget-heading\" data-id=\"3d5ae05\" data-element_type=\"widget\" data-widget_type=\"heading.default\">\n\t\t\t\t<div class=\"elementor-widget-container\">\n\t\t\t\t\t<h2 class=\"elementor-heading-title elementor-size-default\">\u0646\u062c\u064a\u0628 \u0627\u0644\u062f\u0647\u0628\u064a<\/h2>\t\t\t\t<\/div>\n\t\t\t\t<\/div>\n\t\t\t\t<\/div>\n\t\t<div class=\"elementor-element elementor-element-baa4e5a e-con-full e-flex e-con e-child\" data-id=\"baa4e5a\" data-element_type=\"container\" data-settings=\"{&quot;background_background&quot;:&quot;classic&quot;}\">\n\t\t\t\t<div class=\"elementor-element elementor-element-fdeade5 jltma-glass-effect-no elementor-widget elementor-widget-heading\" data-id=\"fdeade5\" data-element_type=\"widget\" data-widget_type=\"heading.default\">\n\t\t\t\t<div class=\"elementor-widget-container\">\n\t\t\t\t\t<h2 class=\"elementor-heading-title elementor-size-default\">\u064a\u0627\u0633\u0645\u064a\u0646\u0629 \u0627\u0644\u0639\u0644\u0648\u064a<\/h2>\t\t\t\t<\/div>\n\t\t\t\t<\/div>\n\t\t\t\t<\/div>\n\t\t\t\t<\/div>\n\t\t\t\t\t<\/div>\n\t\t\t\t<\/div>\n\t\t<div class=\"elementor-element elementor-element-3bfb92b e-flex e-con-boxed e-con e-parent\" data-id=\"3bfb92b\" data-element_type=\"container\">\n\t\t\t\t\t<div class=\"e-con-inner\">\n\t\t<div class=\"elementor-element elementor-element-708fe8d e-con-full e-flex e-con e-child\" data-id=\"708fe8d\" data-element_type=\"container\" data-settings=\"{&quot;background_background&quot;:&quot;classic&quot;}\">\n\t\t<div class=\"elementor-element elementor-element-2e328f5 e-con-full e-flex e-con e-child\" data-id=\"2e328f5\" data-element_type=\"container\">\n\t\t<!-- dce invisible element 62b1e92 --><div class=\"elementor-element elementor-element-4393921 e-con-full e-flex e-con e-child\" data-id=\"4393921\" data-element_type=\"container\">\n\t\t\t\t<div class=\"elementor-element elementor-element-cf024ec jltma-glass-effect-no elementor-widget elementor-widget-heading\" data-id=\"cf024ec\" data-element_type=\"widget\" data-widget_type=\"heading.default\">\n\t\t\t\t<div class=\"elementor-widget-container\">\n\t\t\t\t\t<h2 class=\"elementor-heading-title elementor-size-default\">\u0627\u0644\u0645\u0624\u0637\u0631\u064a\u0646<\/h2>\t\t\t\t<\/div>\n\t\t\t\t<\/div>\n\t\t\t\t<div class=\"elementor-element elementor-element-b1d1daa jltma-glass-effect-no elementor-widget elementor-widget-heading\" data-id=\"b1d1daa\" data-element_type=\"widget\" data-widget_type=\"heading.default\">\n\t\t\t\t<div class=\"elementor-widget-container\">\n\t\t\t\t\t<h2 class=\"elementor-heading-title elementor-size-default\">\u0633\u0645\u064a\u0631\u0629 \u0627\u0644\u0631\u064a\u0633\u0648\u0646\u064a - \n  \u0646\u062c\u064a\u0628 \u0627\u0644\u062f\u0647\u0628\u064a - \n  \u064a\u0627\u0633\u0645\u064a\u0646\u0629 \u0627\u0644\u0639\u0644\u0648\u064a<\/h2>\t\t\t\t<\/div>\n\t\t\t\t<\/div>\n\t\t\t\t<div class=\"elementor-element elementor-element-710caff elementor-icon-list--layout-inline elementor-align-center elementor-mobile-align-center elementor-list-item-link-full_width jltma-glass-effect-no elementor-widget elementor-widget-icon-list\" data-id=\"710caff\" data-element_type=\"widget\" data-widget_type=\"icon-list.default\">\n\t\t\t\t<div class=\"elementor-widget-container\">\n\t\t\t\t\t\t\t<ul class=\"elementor-icon-list-items elementor-inline-items\">\n\t\t\t\t\t\t\t<li class=\"elementor-icon-list-item elementor-inline-item\">\n\t\t\t\t\t\t\t\t\t\t\t<a href=\"mailto:societelprh@gmail.com\">\n\n\t\t\t\t\t\t\t\t\t\t\t\t<span class=\"elementor-icon-list-icon\">\n\t\t\t\t\t\t\t<i aria-hidden=\"true\" class=\"jltma-material-icon jltma-material-icon-email\"><\/i>\t\t\t\t\t\t<\/span>\n\t\t\t\t\t\t\t\t\t\t<span class=\"elementor-icon-list-text\">societelprh@gmail.com<\/span>\n\t\t\t\t\t\t\t\t\t\t\t<\/a>\n\t\t\t\t\t\t\t\t\t<\/li>\n\t\t\t\t\t\t<\/ul>\n\t\t\t\t\t\t<\/div>\n\t\t\t\t<\/div>\n\t\t\t\t<\/div>\n\t\t\t\t<\/div>\n\t\t<!-- dce invisible element ed167b8 --><!-- dce invisible element a6096d5 --><div class=\"elementor-element elementor-element-2b8ec49 e-con-full e-flex e-con e-child\" data-id=\"2b8ec49\" data-element_type=\"container\">\n\t\t\t\t<div class=\"elementor-element elementor-element-48e34b2 jltma-glass-effect-no elementor-widget elementor-widget-heading\" data-id=\"48e34b2\" data-element_type=\"widget\" data-widget_type=\"heading.default\">\n\t\t\t\t<div class=\"elementor-widget-container\">\n\t\t\t\t\t<h5 class=\"elementor-heading-title elementor-size-default\">\u062a\u0645 \u0625\u063a\u0644\u0627\u0642 \u0628\u0627\u0628 \u0627\u0644\u062a\u0633\u062c\u064a\u0644<\/h5>\t\t\t\t<\/div>\n\t\t\t\t<\/div>\n\t\t\t\t<div class=\"elementor-element elementor-element-ec4c4b1 jltma-glass-effect-no elementor-widget elementor-widget-heading\" data-id=\"ec4c4b1\" data-element_type=\"widget\" data-widget_type=\"heading.default\">\n\t\t\t\t<div class=\"elementor-widget-container\">\n\t\t\t\t\t<h5 class=\"elementor-heading-title elementor-size-default\">\u0646\u0634\u0643\u0631\u0643\u0645 \u0639\u0644\u0649 \u0627\u0647\u062a\u0645\u0627\u0645\u0643\u0645 \u0648\u0627\u0646\u062e\u0631\u0627\u0637\u0643\u0645 \u0641\u064a \u0627\u0644\u062f\u064a\u0646\u0627\u0645\u064a\u0629 \u0627\u0644\u0645\u0648\u0627\u0643\u0628\u0629 \u0644\u0644\u0646\u0633\u062e\u0629 \u0627\u0644\u062e\u0627\u0645\u0633\u0629 \u0645\u0646 \u0627\u0644\u0645\u0646\u0627\u0638\u0631\u0629 \u0627\u0644\u0648\u0637\u0646\u064a\u0629 \u0644\u0644\u0627\u0642\u062a\u0635\u0627\u062f \u0627\u0644\u0627\u062c\u062a\u0645\u0627\u0639\u064a \u0648\u0627\u0644\u062a\u0636\u0627\u0645\u0646\u064a. \u0644\u0642\u062f \u062a\u0645 \u0625\u063a\u0644\u0627\u0642 \u0628\u0627\u0628 \u0627\u0644\u062a\u0633\u062c\u064a\u0644.\n\u0646\u062f\u0639\u0648\u0643\u0645 \u0625\u0644\u0649 \u0645\u062a\u0627\u0628\u0639\u0629 \u0645\u062c\u0631\u064a\u0627\u062a \u0627\u0644\u0645\u0646\u0627\u0638\u0631\u0629 \u0639\u0628\u0631 \u0645\u0646\u0635\u0627\u062a\u0646\u0627 \u0627\u0644\u0631\u0633\u0645\u064a\u0629.<\/h5>\t\t\t\t<\/div>\n\t\t\t\t<\/div>\n\t\t\t\t<\/div>\n\t\t\t\t<\/div>\n\t\t\t\t\t<\/div>\n\t\t\t\t<\/div>\n\t\t\t\t<\/div>","protected":false},"excerpt":{"rendered":"<p>Coaching : D\u00e9veloppement personnel Un atelier vivant pour renforcer la mise en r\u00e9seau et la coop\u00e9ration dans les projets ESS gr\u00e2ce \u00e0 l\u2019intelligence \u00e9motionnelle et \u00e0 l\u2019\u00e9coute bienveillante. Animateurs Samira El Raissouni Dahbi Najib Yasmina Alaoui Animateurs Samira El Raissouni, Dahbi Najib et Yasmina Alaoui societelprh@gmail.com Vous \u00eates porteur de projet ESS et souhaitez profiter [&hellip;]<\/p>","protected":false},"author":1,"featured_media":0,"parent":0,"menu_order":0,"comment_status":"closed","ping_status":"closed","template":"elementor_header_footer","meta":{"iawp_total_views":184,"footnotes":""},"class_list":["post-1520","page","type-page","status-publish","hentry"],"_links":{"self":[{"href":"https:\/\/aess.ma\/ar\/wp-json\/wp\/v2\/pages\/1520","targetHints":{"allow":["GET"]}}],"collection":[{"href":"https:\/\/aess.ma\/ar\/wp-json\/wp\/v2\/pages"}],"about":[{"href":"https:\/\/aess.ma\/ar\/wp-json\/wp\/v2\/types\/page"}],"author":[{"embeddable":true,"href":"https:\/\/aess.ma\/ar\/wp-json\/wp\/v2\/users\/1"}],"replies":[{"embeddable":true,"href":"https:\/\/aess.ma\/ar\/wp-json\/wp\/v2\/comments?post=1520"}],"version-history":[{"count":40,"href":"https:\/\/aess.ma\/ar\/wp-json\/wp\/v2\/pages\/1520\/revisions"}],"predecessor-version":[{"id":1914,"href":"https:\/\/aess.ma\/ar\/wp-json\/wp\/v2\/pages\/1520\/revisions\/1914"}],"wp:attachment":[{"href":"https:\/\/aess.ma\/ar\/wp-json\/wp\/v2\/media?parent=1520"}],"curies":[{"name":"wp","href":"https:\/\/api.w.org\/{rel}","templated":true}]}}